{"id":2702,"date":"2019-10-29T12:08:38","date_gmt":"2019-10-29T09:08:38","guid":{"rendered":"https:\/\/ayotomasyon.com\/?page_id=2702"},"modified":"2019-10-29T12:08:38","modified_gmt":"2019-10-29T09:08:38","slug":"hareket-kontrol-cihazlari","status":"publish","type":"page","link":"https:\/\/ayotomasyon.com\/en\/hareket-kontrol-cihazlari\/","title":{"rendered":"Hareket Kontrol Cihazlar\u0131"},"content":{"rendered":"<div class=\"fusion-fullwidth fullwidth-box fusion-builder-row-1 nonhundred-percent-fullwidth non-hundred-percent-height-scrolling\"  style='background-color: #ffffff;background-position: left top;background-repeat: no-repeat;padding-top:100px;padding-right:0px;padding-bottom:100px;padding-left:0px;border-top-width:1px;border-bottom-width:1px;border-color:#e2e2e2;border-top-style:solid;border-bottom-style:solid;'><div class=\"fusion-builder-row fusion-row\"><div  class=\"fusion-layout-column fusion_builder_column fusion_builder_column_1_1 fusion-builder-column-1 fusion-one-full fusion-column-first fusion-column-last fusion-column-no-min-height 1_1\"  style='margin-top:0px;margin-bottom:0px;'>\n\t\t\t\t\t<div class=\"fusion-column-wrapper\" style=\"padding: 0px 0px 0px 0px;background-position:left top;background-repeat:no-repeat;-webkit-background-size:cover;-moz-background-size:cover;-o-background-size:cover;background-size:cover;\"   data-bg-url=\"\">\n\t\t\t\t\t\t<div class=\"fusion-column-content-centered\"><div class=\"fusion-column-content\"><div class=\"fusion-text\"><h2 style=\"text-align: center;\">Hareket Kontrol Cihazlar\u0131<\/h2>\n<\/div><div class=\"fusion-text\"><p style=\"text-align: center;\">Bu kontrol cihazlar\u0131 IQ-R IQ-F ve Q platformlar\u0131nda son derece hassas konum kontrol\u00fc yapmaktad\u0131r. Servo, SSCNET adl\u0131 y\u00fcksek h\u0131zl\u0131 servo a\u011f\u0131yla kontrol edilir ve geli\u015fmi\u015f senkronize kontrol kolayca ger\u00e7ekle\u015ftirilebilir.<\/p>\n<\/div><div class=\"fusion-sep-clear\"><\/div><div class=\"fusion-separator sep-single sep-solid\" style=\"border-color:#dfdddd;border-top-width:1px;margin-left: auto;margin-right: auto;margin-top:10px;margin-bottom:30px;width:100%;max-width:170px;\"><\/div><div class=\"fusion-sep-clear\"><\/div><div class=\"fusion-separator sep-none\" style=\"margin-left: auto;margin-right: auto;margin-top:40px;width:100%;max-width:170px;\"><\/div><style type=\"text\/css\">.fusion-gallery-1 .fusion-gallery-image {border:0px solid #f6f6f6;}<\/style><div class=\"fusion-gallery fusion-gallery-container fusion-grid-4 fusion-columns-total-0 fusion-gallery-layout-grid fusion-gallery-1\" style=\"margin:-3px;\"><div style=\"padding:3.5px;\" class=\"fusion-grid-column fusion-gallery-column fusion-gallery-column-4 hover-type-none\"><div class=\"fusion-gallery-image\"><a href=\"https:\/\/ayotomasyon.com\/wp-content\/uploads\/2019\/10\/kontrol1.jpg\" rel=\"noreferrer\" data-rel=\"iLightbox[gallery_image_1]\" class=\"fusion-lightbox\" target=\"_self\"><img decoding=\"async\" loading=\"lazy\" src=\"https:\/\/ayotomasyon.com\/wp-content\/uploads\/2019\/10\/kontrol1.jpg\" width=\"287\" height=\"177\" alt=\"\" title=\"kontrol1\" aria-label=\"kontrol1\" class=\"img-responsive wp-image-2693\" srcset=\"https:\/\/ayotomasyon.com\/wp-content\/uploads\/2019\/10\/kontrol1-200x123.jpg 200w, https:\/\/ayotomasyon.com\/wp-content\/uploads\/2019\/10\/kontrol1.jpg 287w\" sizes=\"(min-width: 2200px) 100vw, (min-width: 915px) 290px, (min-width: 824px) 387px, (min-width: 732px) 581px, (min-width: 640px) 732px, \" \/><\/a><\/div><\/div><div style=\"padding:3.5px;\" class=\"fusion-grid-column fusion-gallery-column fusion-gallery-column-4 hover-type-none\"><div class=\"fusion-gallery-image\"><a href=\"https:\/\/ayotomasyon.com\/wp-content\/uploads\/2019\/10\/kontrol2.jpg\" rel=\"noreferrer\" data-rel=\"iLightbox[gallery_image_1]\" class=\"fusion-lightbox\" target=\"_self\"><img decoding=\"async\" loading=\"lazy\" src=\"https:\/\/ayotomasyon.com\/wp-content\/uploads\/2019\/10\/kontrol2.jpg\" width=\"287\" height=\"177\" alt=\"\" title=\"kontrol2\" aria-label=\"kontrol2\" class=\"img-responsive wp-image-2694\" srcset=\"https:\/\/ayotomasyon.com\/wp-content\/uploads\/2019\/10\/kontrol2-200x123.jpg 200w, https:\/\/ayotomasyon.com\/wp-content\/uploads\/2019\/10\/kontrol2.jpg 287w\" sizes=\"(min-width: 2200px) 100vw, (min-width: 915px) 290px, (min-width: 824px) 387px, (min-width: 732px) 581px, (min-width: 640px) 732px, \" \/><\/a><\/div><\/div><div style=\"padding:3.5px;\" class=\"fusion-grid-column fusion-gallery-column fusion-gallery-column-4 hover-type-none\"><div class=\"fusion-gallery-image\"><a href=\"https:\/\/ayotomasyon.com\/wp-content\/uploads\/2019\/10\/kontrol3.jpg\" rel=\"noreferrer\" data-rel=\"iLightbox[gallery_image_1]\" class=\"fusion-lightbox\" target=\"_self\"><img decoding=\"async\" loading=\"lazy\" src=\"https:\/\/ayotomasyon.com\/wp-content\/uploads\/2019\/10\/kontrol3.jpg\" width=\"287\" height=\"177\" alt=\"\" title=\"kontrol3\" aria-label=\"kontrol3\" class=\"img-responsive wp-image-2695\" srcset=\"https:\/\/ayotomasyon.com\/wp-content\/uploads\/2019\/10\/kontrol3-200x123.jpg 200w, https:\/\/ayotomasyon.com\/wp-content\/uploads\/2019\/10\/kontrol3.jpg 287w\" sizes=\"(min-width: 2200px) 100vw, (min-width: 915px) 290px, (min-width: 824px) 387px, (min-width: 732px) 581px, (min-width: 640px) 732px, \" \/><\/a><\/div><\/div><div style=\"padding:3.5px;\" class=\"fusion-grid-column fusion-gallery-column fusion-gallery-column-4 hover-type-none\"><div class=\"fusion-gallery-image\"><a href=\"https:\/\/ayotomasyon.com\/wp-content\/uploads\/2019\/10\/kontrol4.jpg\" rel=\"noreferrer\" data-rel=\"iLightbox[gallery_image_1]\" class=\"fusion-lightbox\" target=\"_self\"><img decoding=\"async\" loading=\"lazy\" src=\"https:\/\/ayotomasyon.com\/wp-content\/uploads\/2019\/10\/kontrol4.jpg\" width=\"287\" height=\"177\" alt=\"\" title=\"kontrol4\" aria-label=\"kontrol4\" class=\"img-responsive wp-image-2703\" srcset=\"https:\/\/ayotomasyon.com\/wp-content\/uploads\/2019\/10\/kontrol4-200x123.jpg 200w, https:\/\/ayotomasyon.com\/wp-content\/uploads\/2019\/10\/kontrol4.jpg 287w\" sizes=\"(min-width: 2200px) 100vw, (min-width: 915px) 290px, (min-width: 824px) 387px, (min-width: 732px) 581px, (min-width: 640px) 732px, \" \/><\/a><\/div><\/div><div class=\"clearfix\"><\/div><\/div><\/div><\/div><div class=\"fusion-clearfix\"><\/div>\n\n\t\t\t\t\t<\/div>\n\t\t\t\t<\/div><div  class=\"fusion-layout-column fusion_builder_column fusion_builder_column_1_3 fusion-builder-column-2 fusion-one-third fusion-column-first 1_3\"  style='margin-top:0px;margin-bottom:20px;width:33.33%;width:calc(33.33% - ( ( 4% + 4% ) * 0.3333 ) );margin-right: 4%;'>\n\t\t\t\t\t<div class=\"fusion-column-wrapper\" style=\"padding: 0px 0px 0px 0px;background-position:left top;background-repeat:no-repeat;-webkit-background-size:cover;-moz-background-size:cover;-o-background-size:cover;background-size:cover;\"   data-bg-url=\"\">\n\t\t\t\t\t\t<div class=\"fusion-clearfix\"><\/div>\n\n\t\t\t\t\t<\/div>\n\t\t\t\t<\/div><div  class=\"fusion-layout-column fusion_builder_column fusion_builder_column_1_3 fusion-builder-column-3 fusion-one-third 1_3\"  style='margin-top:30px;margin-bottom:20px;width:33.33%;width:calc(33.33% - ( ( 4% + 4% ) * 0.3333 ) );margin-right: 4%;'>\n\t\t\t\t\t<div class=\"fusion-column-wrapper\" style=\"padding: 0px 0px 0px 0px;background-position:left top;background-repeat:no-repeat;-webkit-background-size:cover;-moz-background-size:cover;-o-background-size:cover;background-size:cover;\"   data-bg-url=\"\">\n\t\t\t\t\t\t<div class=\"fusion-column-content-centered\"><div class=\"fusion-column-content\"><ul class=\"fusion-checklist fusion-checklist-1\" style=\"font-size:14px;line-height:23.8px;\"><li class=\"fusion-li-item\"><span style=\"height:23.8px;width:23.8px;margin-right:9.8px;\" class=\"icon-wrapper circle-no\"><i class=\"fusion-li-icon fa-check fas\" style=\"color:#4d9cc1;\"><\/i><\/span><div class=\"fusion-li-item-content\" style=\"margin-left:33.6px;\">\n<p><span class=\"TextRun SCXO208552965 BCX0\" lang=\"TR-TR\" xml:lang=\"TR-TR\" data-contrast=\"auto\"><span class=\"NormalTextRun SCXO208552965 BCX0\">iQ-R Serisi Simple Motion Modul<\/span><\/span><span class=\"TextRun SCXO208552965 BCX0\" lang=\"EN-US\" xml:lang=\"EN-US\" data-contrast=\"auto\"><span class=\"NormalTextRun SCXO208552965 BCX0\">\u00fc<\/span><\/span><span class=\"EOP SCXO208552965 BCX0\">\u00a0<\/span><\/p>\n<\/div><\/li><li class=\"fusion-li-item\"><span style=\"height:23.8px;width:23.8px;margin-right:9.8px;\" class=\"icon-wrapper circle-no\"><i class=\"fusion-li-icon fa-check fas\" style=\"color:#4d9cc1;\"><\/i><\/span><div class=\"fusion-li-item-content\" style=\"margin-left:33.6px;\">\n<p><span class=\"TextRun SCXO48340183 BCX0\" lang=\"TR-TR\" xml:lang=\"TR-TR\" data-contrast=\"auto\"><span class=\"NormalTextRun SCXO48340183 BCX0\">iQ-F Serisi Simple Motion Modul<\/span><\/span><span class=\"TextRun SCXO48340183 BCX0\" lang=\"EN-US\" xml:lang=\"EN-US\" data-contrast=\"auto\"><span class=\"NormalTextRun SCXO48340183 BCX0\">\u00fc<\/span><\/span><span class=\"EOP SCXO48340183 BCX0\">\u00a0<\/span><\/p>\n<\/div><\/li><li class=\"fusion-li-item\"><span style=\"height:23.8px;width:23.8px;margin-right:9.8px;\" class=\"icon-wrapper circle-no\"><i class=\"fusion-li-icon fa-check fas\" style=\"color:#4d9cc1;\"><\/i><\/span><div class=\"fusion-li-item-content\" style=\"margin-left:33.6px;\">\n<p><span class=\"TextRun SCXO64623600 BCX0\" lang=\"TR-TR\" xml:lang=\"TR-TR\" data-contrast=\"auto\"><span class=\"NormalTextRun SCXO64623600 BCX0\">Q Serisi Motion CPU<\/span><\/span><span class=\"EOP SCXO64623600 BCX0\">\u00a0<\/span><\/p>\n<\/div><\/li><li class=\"fusion-li-item\"><span style=\"height:23.8px;width:23.8px;margin-right:9.8px;\" class=\"icon-wrapper circle-no\"><i class=\"fusion-li-icon fa-check fas\" style=\"color:#4d9cc1;\"><\/i><\/span><div class=\"fusion-li-item-content\" style=\"margin-left:33.6px;\">\n<p><span class=\"TextRun SCXO147232401 BCX0\" lang=\"TR-TR\" xml:lang=\"TR-TR\" data-contrast=\"auto\"><span class=\"NormalTextRun SCXO147232401 BCX0\">Q Serisi Pozisyonlama Mod<\/span><\/span><span class=\"TextRun SCXO147232401 BCX0\" lang=\"EN-US\" xml:lang=\"EN-US\" data-contrast=\"auto\"><span class=\"NormalTextRun SCXO147232401 BCX0\">\u00fc<\/span><\/span><span class=\"TextRun SCXO147232401 BCX0\" lang=\"TR-TR\" xml:lang=\"TR-TR\" data-contrast=\"auto\"><span class=\"NormalTextRun SCXO147232401 BCX0\">l<\/span><\/span><span class=\"TextRun SCXO147232401 BCX0\" lang=\"EN-US\" xml:lang=\"EN-US\" data-contrast=\"auto\"><span class=\"NormalTextRun SCXO147232401 BCX0\">\u00fc<\/span><\/span><span class=\"EOP SCXO147232401 BCX0\">\u00a0<\/span><\/p>\n<\/div><\/li><li class=\"fusion-li-item\"><span style=\"height:23.8px;width:23.8px;margin-right:9.8px;\" class=\"icon-wrapper circle-no\"><i class=\"fusion-li-icon fa-check fas\" style=\"color:#4d9cc1;\"><\/i><\/span><div class=\"fusion-li-item-content\" style=\"margin-left:33.6px;\">\n<p><span class=\"TextRun SCXO60648856 BCX0\" lang=\"TR-TR\" xml:lang=\"TR-TR\" data-contrast=\"auto\"><span class=\"NormalTextRun SCXO60648856 BCX0\">L Serisi Simple Motion Modul<\/span><\/span><span class=\"TextRun SCXO60648856 BCX0\" lang=\"EN-US\" xml:lang=\"EN-US\" data-contrast=\"auto\"><span class=\"NormalTextRun SCXO60648856 BCX0\">\u00fc<\/span><\/span><span class=\"EOP SCXO60648856 BCX0\">\u00a0<\/span><\/p>\n<\/div><\/li><\/ul><div class=\"fusion-sep-clear\"><\/div><div class=\"fusion-separator fusion-full-width-sep sep-double\" style=\"border-color:#d6d6d6;border-top-width:1px;border-bottom-width:1px;margin-left: auto;margin-right: auto;margin-top:25px;margin-bottom:25px;\"><\/div><div class=\"fusion-button-wrapper fusion-aligncenter\"><style type=\"text\/css\">.fusion-button.button-1 {border-radius:2px;}<\/style><a class=\"fusion-button button-flat fusion-button-default-size button-default button-1 fusion-button-default-span fusion-button-default-type\" target=\"_self\" href=\"https:\/\/tr3a.mitsubishielectric.com\/fa\/tr\/products\/cnt\/ssc\/\"><span class=\"fusion-button-text\">DETAYLAR<\/span><\/a><\/div><\/div><\/div><div class=\"fusion-clearfix\"><\/div>\n\n\t\t\t\t\t<\/div>\n\t\t\t\t<\/div><div  class=\"fusion-layout-column fusion_builder_column fusion_builder_column_1_3 fusion-builder-column-4 fusion-one-third fusion-column-last 1_3\"  style='margin-top:0px;margin-bottom:20px;width:33.33%;width:calc(33.33% - ( ( 4% + 4% ) * 0.3333 ) );'>\n\t\t\t\t\t<div class=\"fusion-column-wrapper\" style=\"padding: 0px 0px 0px 0px;background-position:left top;background-repeat:no-repeat;-webkit-background-size:cover;-moz-background-size:cover;-o-background-size:cover;background-size:cover;\"   data-bg-url=\"\">\n\t\t\t\t\t\t<div class=\"fusion-clearfix\"><\/div>\n\n\t\t\t\t\t<\/div>\n\t\t\t\t<\/div><\/div><\/div>","protected":false},"excerpt":{"rendered":"","protected":false},"author":1,"featured_media":0,"parent":0,"menu_order":0,"comment_status":"closed","ping_status":"closed","template":"","meta":[],"_links":{"self":[{"href":"https:\/\/ayotomasyon.com\/en\/wp-json\/wp\/v2\/pages\/2702"}],"collection":[{"href":"https:\/\/ayotomasyon.com\/en\/wp-json\/wp\/v2\/pages"}],"about":[{"href":"https:\/\/ayotomasyon.com\/en\/wp-json\/wp\/v2\/types\/page"}],"author":[{"embeddable":true,"href":"https:\/\/ayotomasyon.com\/en\/wp-json\/wp\/v2\/users\/1"}],"replies":[{"embeddable":true,"href":"https:\/\/ayotomasyon.com\/en\/wp-json\/wp\/v2\/comments?post=2702"}],"version-history":[{"count":1,"href":"https:\/\/ayotomasyon.com\/en\/wp-json\/wp\/v2\/pages\/2702\/revisions"}],"predecessor-version":[{"id":2704,"href":"https:\/\/ayotomasyon.com\/en\/wp-json\/wp\/v2\/pages\/2702\/revisions\/2704"}],"wp:attachment":[{"href":"https:\/\/ayotomasyon.com\/en\/wp-json\/wp\/v2\/media?parent=2702"}],"curies":[{"name":"wp","href":"https:\/\/api.w.org\/{rel}","templated":true}]}}