{"id":2706,"date":"2019-10-29T12:12:51","date_gmt":"2019-10-29T09:12:51","guid":{"rendered":"https:\/\/ayotomasyon.com\/?page_id=2706"},"modified":"2019-10-29T12:12:51","modified_gmt":"2019-10-29T09:12:51","slug":"cnc-kontrol-uniteleri","status":"publish","type":"page","link":"https:\/\/ayotomasyon.com\/en\/cnc-kontrol-uniteleri\/","title":{"rendered":"CNC Kontrol \u00dcniteleri"},"content":{"rendered":"<div class=\"fusion-fullwidth fullwidth-box fusion-builder-row-1 nonhundred-percent-fullwidth non-hundred-percent-height-scrolling\"  style='background-color: #ffffff;background-position: left top;background-repeat: no-repeat;padding-top:100px;padding-right:0px;padding-bottom:100px;padding-left:0px;border-top-width:1px;border-bottom-width:1px;border-color:#e2e2e2;border-top-style:solid;border-bottom-style:solid;'><div class=\"fusion-builder-row fusion-row\"><div  class=\"fusion-layout-column fusion_builder_column fusion_builder_column_1_1 fusion-builder-column-1 fusion-one-full fusion-column-first fusion-column-last fusion-column-no-min-height 1_1\"  style='margin-top:0px;margin-bottom:0px;'>\n\t\t\t\t\t<div class=\"fusion-column-wrapper\" style=\"padding: 0px 0px 0px 0px;background-position:left top;background-repeat:no-repeat;-webkit-background-size:cover;-moz-background-size:cover;-o-background-size:cover;background-size:cover;\"   data-bg-url=\"\">\n\t\t\t\t\t\t<div class=\"fusion-column-content-centered\"><div class=\"fusion-column-content\"><div class=\"fusion-text\"><h2 style=\"text-align: center;\"><span class=\"TextRun SCXO150378694 BCX0\" lang=\"TR-TR\" xml:lang=\"TR-TR\" data-contrast=\"none\"><span class=\"NormalTextRun SCXO150378694 BCX0\">CNC Kontrol \u00dcniteleri<\/span><\/span><span class=\"EOP SCXO150378694 BCX0\">\u00a0<\/span><\/h2>\n<\/div><div class=\"fusion-text\"><p style=\"text-align: center;\">D\u00fcnyan\u0131n \u00f6nde gelen makine \u00fcreticilerine sunmu\u015f oldu\u011fumuz CNC \u00fcr\u00fcnlerimiz ve \u00e7\u00f6z\u00fcmlerimiz ile sekt\u00f6r\u00fcn standartlar\u0131n\u0131 belirliyoruz. CNC i\u00e7in \u00f6zel olarak geli\u015ftirdi\u011fimiz CPU ve optik haberle\u015fme ile donat\u0131lan servo ve spindle s\u00fcr\u00fcc\u00fclerimiz y\u00fcksek h\u0131zl\u0131 ve y\u00fcksek hassasiyetli i\u015fleme olana\u011f\u0131 sa\u011flar.<\/p>\n<\/div><div class=\"fusion-sep-clear\"><\/div><div class=\"fusion-separator sep-single sep-solid\" style=\"border-color:#dfdddd;border-top-width:1px;margin-left: auto;margin-right: auto;margin-top:10px;margin-bottom:30px;width:100%;max-width:170px;\"><\/div><div class=\"fusion-sep-clear\"><\/div><div class=\"fusion-separator sep-none\" style=\"margin-left: auto;margin-right: auto;margin-top:40px;width:100%;max-width:170px;\"><\/div><style type=\"text\/css\">.fusion-gallery-1 .fusion-gallery-image {border:0px solid #f6f6f6;}<\/style><div class=\"fusion-gallery fusion-gallery-container fusion-grid-4 fusion-columns-total-0 fusion-gallery-layout-grid fusion-gallery-1\" style=\"margin:-3px;\"><div style=\"padding:3.5px;\" class=\"fusion-grid-column fusion-gallery-column fusion-gallery-column-4 hover-type-none\"><div class=\"fusion-gallery-image\"><a href=\"https:\/\/ayotomasyon.com\/wp-content\/uploads\/2019\/10\/cnc4.jpg\" rel=\"noreferrer\" data-rel=\"iLightbox[gallery_image_1]\" class=\"fusion-lightbox\" target=\"_self\"><img decoding=\"async\" loading=\"lazy\" src=\"https:\/\/ayotomasyon.com\/wp-content\/uploads\/2019\/10\/cnc4.jpg\" width=\"200\" height=\"120\" alt=\"\" title=\"cnc4\" aria-label=\"cnc4\" class=\"img-responsive wp-image-2710\" \/><\/a><\/div><\/div><div style=\"padding:3.5px;\" class=\"fusion-grid-column fusion-gallery-column fusion-gallery-column-4 hover-type-none\"><div class=\"fusion-gallery-image\"><a href=\"https:\/\/ayotomasyon.com\/wp-content\/uploads\/2019\/10\/cnc2.jpg\" rel=\"noreferrer\" data-rel=\"iLightbox[gallery_image_1]\" class=\"fusion-lightbox\" target=\"_self\"><img decoding=\"async\" loading=\"lazy\" src=\"https:\/\/ayotomasyon.com\/wp-content\/uploads\/2019\/10\/cnc2.jpg\" width=\"200\" height=\"120\" alt=\"\" title=\"cnc2\" aria-label=\"cnc2\" class=\"img-responsive wp-image-2709\" \/><\/a><\/div><\/div><div style=\"padding:3.5px;\" class=\"fusion-grid-column fusion-gallery-column fusion-gallery-column-4 hover-type-none\"><div class=\"fusion-gallery-image\"><a href=\"https:\/\/ayotomasyon.com\/wp-content\/uploads\/2019\/10\/cnc1.jpg\" rel=\"noreferrer\" data-rel=\"iLightbox[gallery_image_1]\" class=\"fusion-lightbox\" target=\"_self\"><img decoding=\"async\" loading=\"lazy\" src=\"https:\/\/ayotomasyon.com\/wp-content\/uploads\/2019\/10\/cnc1.jpg\" width=\"200\" height=\"120\" alt=\"\" title=\"cnc1\" aria-label=\"cnc1\" class=\"img-responsive wp-image-2708\" \/><\/a><\/div><\/div><div style=\"padding:3.5px;\" class=\"fusion-grid-column fusion-gallery-column fusion-gallery-column-4 hover-type-none\"><div class=\"fusion-gallery-image\"><a href=\"https:\/\/ayotomasyon.com\/wp-content\/uploads\/2019\/10\/cnc.jpg\" rel=\"noreferrer\" data-rel=\"iLightbox[gallery_image_1]\" class=\"fusion-lightbox\" target=\"_self\"><img decoding=\"async\" loading=\"lazy\" src=\"https:\/\/ayotomasyon.com\/wp-content\/uploads\/2019\/10\/cnc.jpg\" width=\"200\" height=\"120\" alt=\"\" title=\"cnc\" aria-label=\"cnc\" class=\"img-responsive wp-image-2707\" \/><\/a><\/div><\/div><div class=\"clearfix\"><\/div><\/div><\/div><\/div><div class=\"fusion-clearfix\"><\/div>\n\n\t\t\t\t\t<\/div>\n\t\t\t\t<\/div><div  class=\"fusion-layout-column fusion_builder_column fusion_builder_column_1_3 fusion-builder-column-2 fusion-one-third fusion-column-first 1_3\"  style='margin-top:0px;margin-bottom:20px;width:33.33%;width:calc(33.33% - ( ( 4% + 4% ) * 0.3333 ) );margin-right: 4%;'>\n\t\t\t\t\t<div class=\"fusion-column-wrapper\" style=\"padding: 0px 0px 0px 0px;background-position:left top;background-repeat:no-repeat;-webkit-background-size:cover;-moz-background-size:cover;-o-background-size:cover;background-size:cover;\"   data-bg-url=\"\">\n\t\t\t\t\t\t<div class=\"fusion-clearfix\"><\/div>\n\n\t\t\t\t\t<\/div>\n\t\t\t\t<\/div><div  class=\"fusion-layout-column fusion_builder_column fusion_builder_column_1_3 fusion-builder-column-3 fusion-one-third 1_3\"  style='margin-top:30px;margin-bottom:20px;width:33.33%;width:calc(33.33% - ( ( 4% + 4% ) * 0.3333 ) );margin-right: 4%;'>\n\t\t\t\t\t<div class=\"fusion-column-wrapper\" style=\"padding: 0px 0px 0px 0px;background-position:left top;background-repeat:no-repeat;-webkit-background-size:cover;-moz-background-size:cover;-o-background-size:cover;background-size:cover;\"   data-bg-url=\"\">\n\t\t\t\t\t\t<div class=\"fusion-column-content-centered\"><div class=\"fusion-column-content\"><ul class=\"fusion-checklist fusion-checklist-1\" style=\"font-size:14px;line-height:23.8px;\"><li class=\"fusion-li-item\"><span style=\"height:23.8px;width:23.8px;margin-right:9.8px;\" class=\"icon-wrapper circle-no\"><i class=\"fusion-li-icon fa-check fas\" style=\"color:#4d9cc1;\"><\/i><\/span><div class=\"fusion-li-item-content\" style=\"margin-left:33.6px;\">\n<p><span class=\"TextRun SCXO60657677 BCX0\" lang=\"TR-TR\" xml:lang=\"TR-TR\" data-contrast=\"auto\"><span class=\"NormalTextRun SCXO60657677 BCX0\">CNC Torna Kontrol<\/span><\/span><span class=\"TextRun SCXO60657677 BCX0\" lang=\"EN-US\" xml:lang=\"EN-US\" data-contrast=\"auto\"><span class=\"NormalTextRun SCXO60657677 BCX0\">\u00f6<\/span><\/span><span class=\"TextRun SCXO60657677 BCX0\" lang=\"TR-TR\" xml:lang=\"TR-TR\" data-contrast=\"auto\"><span class=\"NormalTextRun SCXO60657677 BCX0\">r<\/span><\/span><span class=\"TextRun SCXO60657677 BCX0\" lang=\"EN-US\" xml:lang=\"EN-US\" data-contrast=\"auto\"><span class=\"NormalTextRun SCXO60657677 BCX0\">\u00fc<\/span><\/span><span class=\"EOP SCXO60657677 BCX0\">\u00a0<\/span><\/p>\n<\/div><\/li><li class=\"fusion-li-item\"><span style=\"height:23.8px;width:23.8px;margin-right:9.8px;\" class=\"icon-wrapper circle-no\"><i class=\"fusion-li-icon fa-check fas\" style=\"color:#4d9cc1;\"><\/i><\/span><div class=\"fusion-li-item-content\" style=\"margin-left:33.6px;\">\n<p><span class=\"TextRun SCXO236535372 BCX0\" lang=\"TR-TR\" xml:lang=\"TR-TR\" data-contrast=\"auto\"><span class=\"NormalTextRun SCXO236535372 BCX0\">CNC Freze Kontrol<\/span><\/span><span class=\"TextRun SCXO236535372 BCX0\" lang=\"EN-US\" xml:lang=\"EN-US\" data-contrast=\"auto\"><span class=\"NormalTextRun SCXO236535372 BCX0\">\u00f6<\/span><\/span><span class=\"TextRun SCXO236535372 BCX0\" lang=\"TR-TR\" xml:lang=\"TR-TR\" data-contrast=\"auto\"><span class=\"NormalTextRun SCXO236535372 BCX0\">r<\/span><\/span><span class=\"TextRun SCXO236535372 BCX0\" lang=\"EN-US\" xml:lang=\"EN-US\" data-contrast=\"auto\"><span class=\"NormalTextRun SCXO236535372 BCX0\">\u00fc<\/span><\/span><span class=\"EOP SCXO236535372 BCX0\">\u00a0<\/span><\/p>\n<\/div><\/li><\/ul><div class=\"fusion-sep-clear\"><\/div><div class=\"fusion-separator fusion-full-width-sep sep-double\" style=\"border-color:#d6d6d6;border-top-width:1px;border-bottom-width:1px;margin-left: auto;margin-right: auto;margin-top:25px;margin-bottom:25px;\"><\/div><div class=\"fusion-button-wrapper fusion-aligncenter\"><style type=\"text\/css\">.fusion-button.button-1 {border-radius:2px;}<\/style><a class=\"fusion-button button-flat fusion-button-default-size button-default button-1 fusion-button-default-span fusion-button-default-type\" target=\"_self\" href=\"https:\/\/www.mitsubishi-cnc.de\/index-en.html\"><span class=\"fusion-button-text\">DETAYLAR<\/span><\/a><\/div><\/div><\/div><div class=\"fusion-clearfix\"><\/div>\n\n\t\t\t\t\t<\/div>\n\t\t\t\t<\/div><div  class=\"fusion-layout-column fusion_builder_column fusion_builder_column_1_3 fusion-builder-column-4 fusion-one-third fusion-column-last 1_3\"  style='margin-top:0px;margin-bottom:20px;width:33.33%;width:calc(33.33% - ( ( 4% + 4% ) * 0.3333 ) );'>\n\t\t\t\t\t<div class=\"fusion-column-wrapper\" style=\"padding: 0px 0px 0px 0px;background-position:left top;background-repeat:no-repeat;-webkit-background-size:cover;-moz-background-size:cover;-o-background-size:cover;background-size:cover;\"   data-bg-url=\"\">\n\t\t\t\t\t\t<div class=\"fusion-clearfix\"><\/div>\n\n\t\t\t\t\t<\/div>\n\t\t\t\t<\/div><\/div><\/div>","protected":false},"excerpt":{"rendered":"","protected":false},"author":1,"featured_media":0,"parent":0,"menu_order":0,"comment_status":"closed","ping_status":"closed","template":"","meta":[],"_links":{"self":[{"href":"https:\/\/ayotomasyon.com\/en\/wp-json\/wp\/v2\/pages\/2706"}],"collection":[{"href":"https:\/\/ayotomasyon.com\/en\/wp-json\/wp\/v2\/pages"}],"about":[{"href":"https:\/\/ayotomasyon.com\/en\/wp-json\/wp\/v2\/types\/page"}],"author":[{"embeddable":true,"href":"https:\/\/ayotomasyon.com\/en\/wp-json\/wp\/v2\/users\/1"}],"replies":[{"embeddable":true,"href":"https:\/\/ayotomasyon.com\/en\/wp-json\/wp\/v2\/comments?post=2706"}],"version-history":[{"count":1,"href":"https:\/\/ayotomasyon.com\/en\/wp-json\/wp\/v2\/pages\/2706\/revisions"}],"predecessor-version":[{"id":2711,"href":"https:\/\/ayotomasyon.com\/en\/wp-json\/wp\/v2\/pages\/2706\/revisions\/2711"}],"wp:attachment":[{"href":"https:\/\/ayotomasyon.com\/en\/wp-json\/wp\/v2\/media?parent=2706"}],"curies":[{"name":"wp","href":"https:\/\/api.w.org\/{rel}","templated":true}]}}