{"id":2729,"date":"2019-10-29T12:24:50","date_gmt":"2019-10-29T09:24:50","guid":{"rendered":"https:\/\/ayotomasyon.com\/?page_id=2729"},"modified":"2019-10-29T12:26:03","modified_gmt":"2019-10-29T09:26:03","slug":"insan-makine-arayuzleri-hmiler-got","status":"publish","type":"page","link":"https:\/\/ayotomasyon.com\/en\/insan-makine-arayuzleri-hmiler-got\/","title":{"rendered":"\u0130nsan-Makine Aray\u00fczleri (HMI&#8217;ler)\u2014GOT"},"content":{"rendered":"<div class=\"fusion-fullwidth fullwidth-box fusion-builder-row-1 nonhundred-percent-fullwidth non-hundred-percent-height-scrolling\"  style='background-color: #ffffff;background-position: left top;background-repeat: no-repeat;padding-top:100px;padding-right:0px;padding-bottom:100px;padding-left:0px;border-top-width:1px;border-bottom-width:1px;border-color:#e2e2e2;border-top-style:solid;border-bottom-style:solid;'><div class=\"fusion-builder-row fusion-row\"><div  class=\"fusion-layout-column fusion_builder_column fusion_builder_column_1_1 fusion-builder-column-1 fusion-one-full fusion-column-first fusion-column-last fusion-column-no-min-height 1_1\"  style='margin-top:0px;margin-bottom:0px;'>\n\t\t\t\t\t<div class=\"fusion-column-wrapper\" style=\"padding: 0px 0px 0px 0px;background-position:left top;background-repeat:no-repeat;-webkit-background-size:cover;-moz-background-size:cover;-o-background-size:cover;background-size:cover;\"   data-bg-url=\"\">\n\t\t\t\t\t\t<div class=\"fusion-column-content-centered\"><div class=\"fusion-column-content\"><div class=\"fusion-text\"><h2 style=\"text-align: center;\"><span class=\"TextRun SCXO265681234 BCX0\" lang=\"TR-TR\" xml:lang=\"TR-TR\" data-contrast=\"none\"><span class=\"NormalTextRun SCXO265681234 BCX0\">\u0130nsan-Makine Aray\u00fczleri (HMI&#8217;ler)\u2014GOT<\/span><\/span><span class=\"EOP SCXO265681234 BCX0\">\u00a0<\/span><\/h2>\n<\/div><div class=\"fusion-text\"><p style=\"text-align: center;\">\u0130nsan-Makine Aray\u00fczleri (HMI&#8217;ler)\u2014GOT GOT Serisi HMI&#8217;ler maksimum kullan\u0131labilirlik sunmak i\u00e7in tasarlanm\u0131\u015ft\u0131r. Bu cihazlar, PLC&#8217;ler, CNC&#8217;ler ve di\u011fer FA \u00fcr\u00fcnlerinden gelen bilgileri HMI&#8217;ler \u00fczerinden izlenmesine ve \u00e7e\u015fitli verilerin de\u011fi\u015ftirilmesine olanak sa\u011flayarak m\u00fc\u015fterilerin verimi ve \u00fcretkenli\u011fi art\u0131r\u0131rken katma de\u011fer olu\u015fturmaya y\u00f6nelik ihtiya\u00e7lar\u0131n\u0131 kar\u015f\u0131lar.<\/p>\n<\/div><div class=\"fusion-sep-clear\"><\/div><div class=\"fusion-separator sep-single sep-solid\" style=\"border-color:#dfdddd;border-top-width:1px;margin-left: auto;margin-right: auto;margin-top:10px;margin-bottom:30px;width:100%;max-width:170px;\"><\/div><div class=\"fusion-sep-clear\"><\/div><div class=\"fusion-separator sep-none\" style=\"margin-left: auto;margin-right: auto;margin-top:40px;width:100%;max-width:170px;\"><\/div><style type=\"text\/css\">.fusion-gallery-1 .fusion-gallery-image {border:0px solid #f6f6f6;}<\/style><div class=\"fusion-gallery fusion-gallery-container fusion-grid-4 fusion-columns-total-0 fusion-gallery-layout-grid fusion-gallery-1\" style=\"margin:-3px;\"><div style=\"padding:3.5px;\" class=\"fusion-grid-column fusion-gallery-column fusion-gallery-column-4 hover-type-none\"><div class=\"fusion-gallery-image\"><a href=\"https:\/\/ayotomasyon.com\/wp-content\/uploads\/2019\/10\/got.jpg\" rel=\"noreferrer\" data-rel=\"iLightbox[gallery_image_1]\" class=\"fusion-lightbox\" target=\"_self\"><img decoding=\"async\" loading=\"lazy\" src=\"https:\/\/ayotomasyon.com\/wp-content\/uploads\/2019\/10\/got.jpg\" width=\"287\" height=\"177\" alt=\"\" title=\"got\" aria-label=\"got\" class=\"img-responsive wp-image-2730\" srcset=\"https:\/\/ayotomasyon.com\/wp-content\/uploads\/2019\/10\/got-200x123.jpg 200w, https:\/\/ayotomasyon.com\/wp-content\/uploads\/2019\/10\/got.jpg 287w\" sizes=\"(min-width: 2200px) 100vw, (min-width: 915px) 290px, (min-width: 824px) 387px, (min-width: 732px) 581px, (min-width: 640px) 732px, \" \/><\/a><\/div><\/div><div style=\"padding:3.5px;\" class=\"fusion-grid-column fusion-gallery-column fusion-gallery-column-4 hover-type-none\"><div class=\"fusion-gallery-image\"><a href=\"https:\/\/ayotomasyon.com\/wp-content\/uploads\/2019\/10\/got1.jpg\" rel=\"noreferrer\" data-rel=\"iLightbox[gallery_image_1]\" class=\"fusion-lightbox\" target=\"_self\"><img decoding=\"async\" loading=\"lazy\" src=\"https:\/\/ayotomasyon.com\/wp-content\/uploads\/2019\/10\/got1.jpg\" width=\"287\" height=\"177\" alt=\"\" title=\"got1\" aria-label=\"got1\" class=\"img-responsive wp-image-2731\" srcset=\"https:\/\/ayotomasyon.com\/wp-content\/uploads\/2019\/10\/got1-200x123.jpg 200w, https:\/\/ayotomasyon.com\/wp-content\/uploads\/2019\/10\/got1.jpg 287w\" sizes=\"(min-width: 2200px) 100vw, (min-width: 915px) 290px, (min-width: 824px) 387px, (min-width: 732px) 581px, (min-width: 640px) 732px, \" \/><\/a><\/div><\/div><div style=\"padding:3.5px;\" class=\"fusion-grid-column fusion-gallery-column fusion-gallery-column-4 hover-type-none\"><div class=\"fusion-gallery-image\"><a href=\"https:\/\/ayotomasyon.com\/wp-content\/uploads\/2019\/10\/got2.jpg\" rel=\"noreferrer\" data-rel=\"iLightbox[gallery_image_1]\" class=\"fusion-lightbox\" target=\"_self\"><img decoding=\"async\" loading=\"lazy\" src=\"https:\/\/ayotomasyon.com\/wp-content\/uploads\/2019\/10\/got2.jpg\" width=\"287\" height=\"177\" alt=\"\" title=\"got2\" aria-label=\"got2\" class=\"img-responsive wp-image-2732\" srcset=\"https:\/\/ayotomasyon.com\/wp-content\/uploads\/2019\/10\/got2-200x123.jpg 200w, https:\/\/ayotomasyon.com\/wp-content\/uploads\/2019\/10\/got2.jpg 287w\" sizes=\"(min-width: 2200px) 100vw, (min-width: 915px) 290px, (min-width: 824px) 387px, (min-width: 732px) 581px, (min-width: 640px) 732px, \" \/><\/a><\/div><\/div><div style=\"padding:3.5px;\" class=\"fusion-grid-column fusion-gallery-column fusion-gallery-column-4 hover-type-none\"><div class=\"fusion-gallery-image\"><a href=\"https:\/\/ayotomasyon.com\/wp-content\/uploads\/2019\/10\/got3.jpg\" rel=\"noreferrer\" data-rel=\"iLightbox[gallery_image_1]\" class=\"fusion-lightbox\" target=\"_self\"><img decoding=\"async\" loading=\"lazy\" src=\"https:\/\/ayotomasyon.com\/wp-content\/uploads\/2019\/10\/got3.jpg\" width=\"287\" height=\"177\" alt=\"\" title=\"got3\" aria-label=\"got3\" class=\"img-responsive wp-image-2733\" srcset=\"https:\/\/ayotomasyon.com\/wp-content\/uploads\/2019\/10\/got3-200x123.jpg 200w, https:\/\/ayotomasyon.com\/wp-content\/uploads\/2019\/10\/got3.jpg 287w\" sizes=\"(min-width: 2200px) 100vw, (min-width: 915px) 290px, (min-width: 824px) 387px, (min-width: 732px) 581px, (min-width: 640px) 732px, \" \/><\/a><\/div><\/div><div class=\"clearfix\"><\/div><\/div><\/div><\/div><div class=\"fusion-clearfix\"><\/div>\n\n\t\t\t\t\t<\/div>\n\t\t\t\t<\/div><div  class=\"fusion-layout-column fusion_builder_column fusion_builder_column_1_3 fusion-builder-column-2 fusion-one-third fusion-column-first 1_3\"  style='margin-top:0px;margin-bottom:20px;width:33.33%;width:calc(33.33% - ( ( 4% + 4% ) * 0.3333 ) );margin-right: 4%;'>\n\t\t\t\t\t<div class=\"fusion-column-wrapper\" style=\"padding: 0px 0px 0px 0px;background-position:left top;background-repeat:no-repeat;-webkit-background-size:cover;-moz-background-size:cover;-o-background-size:cover;background-size:cover;\"   data-bg-url=\"\">\n\t\t\t\t\t\t<div class=\"fusion-clearfix\"><\/div>\n\n\t\t\t\t\t<\/div>\n\t\t\t\t<\/div><div  class=\"fusion-layout-column fusion_builder_column fusion_builder_column_1_3 fusion-builder-column-3 fusion-one-third 1_3\"  style='margin-top:30px;margin-bottom:20px;width:33.33%;width:calc(33.33% - ( ( 4% + 4% ) * 0.3333 ) );margin-right: 4%;'>\n\t\t\t\t\t<div class=\"fusion-column-wrapper\" style=\"padding: 0px 0px 0px 0px;background-position:left top;background-repeat:no-repeat;-webkit-background-size:cover;-moz-background-size:cover;-o-background-size:cover;background-size:cover;\"   data-bg-url=\"\">\n\t\t\t\t\t\t<div class=\"fusion-column-content-centered\"><div class=\"fusion-column-content\"><ul class=\"fusion-checklist fusion-checklist-1\" style=\"font-size:14px;line-height:23.8px;\"><li class=\"fusion-li-item\"><span style=\"height:23.8px;width:23.8px;margin-right:9.8px;\" class=\"icon-wrapper circle-no\"><i class=\"fusion-li-icon fa-check fas\" style=\"color:#4d9cc1;\"><\/i><\/span><div class=\"fusion-li-item-content\" style=\"margin-left:33.6px;\">\n<p><span class=\"TextRun SCXO189890346 BCX0\" lang=\"TR-TR\" xml:lang=\"TR-TR\" data-contrast=\"auto\"><span class=\"NormalTextRun SCXO189890346 BCX0\">GOT2000 Serisi<\/span><\/span><span class=\"EOP SCXO189890346 BCX0\">\u00a0<\/span><\/p>\n<\/div><\/li><li class=\"fusion-li-item\"><span style=\"height:23.8px;width:23.8px;margin-right:9.8px;\" class=\"icon-wrapper circle-no\"><i class=\"fusion-li-icon fa-check fas\" style=\"color:#4d9cc1;\"><\/i><\/span><div class=\"fusion-li-item-content\" style=\"margin-left:33.6px;\">\n<p><span class=\"TextRun SCXO73747533 BCX0\" lang=\"TR-TR\" xml:lang=\"TR-TR\" data-contrast=\"auto\"><span class=\"NormalTextRun SCXO73747533 BCX0\">GOT1000 Serisi<\/span><\/span><span class=\"EOP SCXO73747533 BCX0\">\u00a0<\/span><\/p>\n<\/div><\/li><li class=\"fusion-li-item\"><span style=\"height:23.8px;width:23.8px;margin-right:9.8px;\" class=\"icon-wrapper circle-no\"><i class=\"fusion-li-icon fa-check fas\" style=\"color:#4d9cc1;\"><\/i><\/span><div class=\"fusion-li-item-content\" style=\"margin-left:33.6px;\">\n<p><span class=\"TextRun SCXO164508876 BCX0\" lang=\"TR-TR\" xml:lang=\"TR-TR\" data-contrast=\"auto\"><span class=\"NormalTextRun SCXO164508876 BCX0\">GOTSimple Serisi<\/span><\/span><span class=\"EOP SCXO164508876 BCX0\">\u00a0<\/span><\/p>\n<\/div><\/li><\/ul><div class=\"fusion-sep-clear\"><\/div><div class=\"fusion-separator fusion-full-width-sep sep-double\" style=\"border-color:#d6d6d6;border-top-width:1px;border-bottom-width:1px;margin-left: auto;margin-right: auto;margin-top:25px;margin-bottom:25px;\"><\/div><div class=\"fusion-button-wrapper fusion-aligncenter\"><style type=\"text\/css\">.fusion-button.button-1 {border-radius:2px;}<\/style><a class=\"fusion-button button-flat fusion-button-default-size button-default button-1 fusion-button-default-span fusion-button-default-type\" target=\"_self\" href=\"https:\/\/tr3a.mitsubishielectric.com\/fa\/tr\/dl\/11153\/207075.pdf\"><span class=\"fusion-button-text\">DETAYLAR<\/span><\/a><\/div><\/div><\/div><div class=\"fusion-clearfix\"><\/div>\n\n\t\t\t\t\t<\/div>\n\t\t\t\t<\/div><div  class=\"fusion-layout-column fusion_builder_column fusion_builder_column_1_3 fusion-builder-column-4 fusion-one-third fusion-column-last 1_3\"  style='margin-top:0px;margin-bottom:20px;width:33.33%;width:calc(33.33% - ( ( 4% + 4% ) * 0.3333 ) );'>\n\t\t\t\t\t<div class=\"fusion-column-wrapper\" style=\"padding: 0px 0px 0px 0px;background-position:left top;background-repeat:no-repeat;-webkit-background-size:cover;-moz-background-size:cover;-o-background-size:cover;background-size:cover;\"   data-bg-url=\"\">\n\t\t\t\t\t\t<div class=\"fusion-clearfix\"><\/div>\n\n\t\t\t\t\t<\/div>\n\t\t\t\t<\/div><\/div><\/div>","protected":false},"excerpt":{"rendered":"","protected":false},"author":1,"featured_media":0,"parent":0,"menu_order":0,"comment_status":"closed","ping_status":"closed","template":"","meta":[],"_links":{"self":[{"href":"https:\/\/ayotomasyon.com\/en\/wp-json\/wp\/v2\/pages\/2729"}],"collection":[{"href":"https:\/\/ayotomasyon.com\/en\/wp-json\/wp\/v2\/pages"}],"about":[{"href":"https:\/\/ayotomasyon.com\/en\/wp-json\/wp\/v2\/types\/page"}],"author":[{"embeddable":true,"href":"https:\/\/ayotomasyon.com\/en\/wp-json\/wp\/v2\/users\/1"}],"replies":[{"embeddable":true,"href":"https:\/\/ayotomasyon.com\/en\/wp-json\/wp\/v2\/comments?post=2729"}],"version-history":[{"count":2,"href":"https:\/\/ayotomasyon.com\/en\/wp-json\/wp\/v2\/pages\/2729\/revisions"}],"predecessor-version":[{"id":2737,"href":"https:\/\/ayotomasyon.com\/en\/wp-json\/wp\/v2\/pages\/2729\/revisions\/2737"}],"wp:attachment":[{"href":"https:\/\/ayotomasyon.com\/en\/wp-json\/wp\/v2\/media?parent=2729"}],"curies":[{"name":"wp","href":"https:\/\/api.w.org\/{rel}","templated":true}]}}